{"id":2059,"date":"2021-07-07T09:26:26","date_gmt":"2021-07-07T07:26:26","guid":{"rendered":"http:\/\/www.dc69.it\/?page_id=2059"},"modified":"2025-01-10T11:44:20","modified_gmt":"2025-01-10T10:44:20","slug":"services","status":"publish","type":"page","link":"https:\/\/www.dc69.it\/fr\/services\/","title":{"rendered":"Services"},"content":{"rendered":"\t\t<div data-elementor-type=\"wp-page\" data-elementor-id=\"2059\" class=\"elementor elementor-2059 elementor-958\" data-elementor-settings=\"[]\">\n\t\t\t\t\t\t<div class=\"elementor-inner\">\n\t\t\t\t\t\t\t<div class=\"elementor-section-wrap\">\n\t\t\t\t\t\t\t<section class=\"elementor-section elementor-top-section elementor-element elementor-element-e67bf9c elementor-section-full_width elementor-section-height-min-height elementor-section-content-bottom elementor-section-height-default elementor-section-items-middle\" data-id=\"e67bf9c\" data-element_type=\"section\" data-settings=\"{&quot;background_background&quot;:&quot;classic&quot;}\">\n\t\t\t\t\t\t\t<div class=\"elementor-background-overlay\"><\/div>\n\t\t\t\t\t\t\t<div class=\"elementor-container elementor-column-gap-default\">\n\t\t\t\t\t\t\t<div class=\"elementor-row\">\n\t\t\t\t\t<div class=\"elementor-column elementor-col-100 elementor-top-column elementor-element elementor-element-ee1f823\" data-id=\"ee1f823\" data-element_type=\"column\">\n\t\t\t<div class=\"elementor-column-wrap elementor-element-populated\">\n\t\t\t\t\t\t\t<div class=\"elementor-widget-wrap\">\n\t\t\t\t\t\t<div class=\"elementor-element elementor-element-6becd08 elementor-widget elementor-widget-heading\" data-id=\"6becd08\" data-element_type=\"widget\" data-widget_type=\"heading.default\">\n\t\t\t\t<div class=\"elementor-widget-container\">\n\t\t\t<h1 class=\"elementor-heading-title elementor-size-default\">Services<\/h1>\t\t<\/div>\n\t\t\t\t<\/div>\n\t\t\t\t\t\t<\/div>\n\t\t\t\t\t<\/div>\n\t\t<\/div>\n\t\t\t\t\t\t\t\t<\/div>\n\t\t\t\t\t<\/div>\n\t\t<\/section>\n\t\t\t\t<section class=\"elementor-section elementor-top-section elementor-element elementor-element-0633e8b elementor-section-full_width elementor-section-height-default elementor-section-height-default\" data-id=\"0633e8b\" data-element_type=\"section\">\n\t\t\t\t\t\t<div class=\"elementor-container elementor-column-gap-default\">\n\t\t\t\t\t\t\t<div class=\"elementor-row\">\n\t\t\t\t\t<div class=\"elementor-column elementor-col-50 elementor-top-column elementor-element elementor-element-0c25cab\" data-id=\"0c25cab\" data-element_type=\"column\">\n\t\t\t<div class=\"elementor-column-wrap elementor-element-populated\">\n\t\t\t\t\t\t\t<div class=\"elementor-widget-wrap\">\n\t\t\t\t\t\t<section class=\"elementor-section elementor-inner-section elementor-element elementor-element-eac559c elementor-section-height-min-height elementor-section-content-middle elementor-section-boxed elementor-section-height-default\" data-id=\"eac559c\" data-element_type=\"section\">\n\t\t\t\t\t\t<div class=\"elementor-container elementor-column-gap-default\">\n\t\t\t\t\t\t\t<div class=\"elementor-row\">\n\t\t\t\t\t<div class=\"elementor-column elementor-col-100 elementor-inner-column elementor-element elementor-element-e1b2000\" data-id=\"e1b2000\" data-element_type=\"column\">\n\t\t\t<div class=\"elementor-column-wrap elementor-element-populated\">\n\t\t\t\t\t\t\t<div class=\"elementor-widget-wrap\">\n\t\t\t\t\t\t<div class=\"elementor-element elementor-element-9fc8fd4 elementor-widget elementor-widget-heading\" data-id=\"9fc8fd4\" data-element_type=\"widget\" data-widget_type=\"heading.default\">\n\t\t\t\t<div class=\"elementor-widget-container\">\n\t\t\t<h4 class=\"elementor-heading-title elementor-size-default\">SYNONYME DE STYLE SARTORIAL<\/h4>\t\t<\/div>\n\t\t\t\t<\/div>\n\t\t\t\t<div class=\"elementor-element elementor-element-ff257ba elementor-widget elementor-widget-image\" data-id=\"ff257ba\" data-element_type=\"widget\" data-widget_type=\"image.default\">\n\t\t\t\t<div class=\"elementor-widget-container\">\n\t\t\t\t\t\t\t\t<div class=\"elementor-image\">\n\t\t\t\t\t\t\t\t\t\t\t\t<img width=\"266\" height=\"5\" src=\"https:\/\/www.dc69.it\/wp-content\/uploads\/2021\/01\/cucitura-1.png\" class=\"attachment-full size-full\" alt=\"\" loading=\"lazy\" \/>\t\t\t\t\t\t\t\t\t\t\t\t\t\t<\/div>\n\t\t\t\t\t\t<\/div>\n\t\t\t\t<\/div>\n\t\t\t\t<div class=\"elementor-element elementor-element-93d767b elementor-hidden-desktop elementor-hidden-tablet elementor-hidden-mobile elementor-widget elementor-widget-heading\" data-id=\"93d767b\" data-element_type=\"widget\" data-widget_type=\"heading.default\">\n\t\t\t\t<div class=\"elementor-widget-container\">\n\t\t\t<h2 class=\"elementor-heading-title elementor-size-default\">Notre d\u00e9fi quotidien est l\u2019association de la <i>qualit\u00e9 du style sartorial et la gestion industrielle<\/i><\/h2>\t\t<\/div>\n\t\t\t\t<\/div>\n\t\t\t\t<div class=\"elementor-element elementor-element-4d635ee elementor-widget elementor-widget-text-editor\" data-id=\"4d635ee\" data-element_type=\"widget\" data-widget_type=\"text-editor.default\">\n\t\t\t\t<div class=\"elementor-widget-container\">\n\t\t\t\t\t\t\t\t<div class=\"elementor-text-editor elementor-clearfix\">\n\t\t\t\t<p>L\u2019attention et le contr\u00f4le m\u00e9ticuleux dans toutes les phases de production, <strong>l\u2019exp\u00e9rience acquise au fil du temps<\/strong>, l\u2019\u00e9tude des tendances et les mat\u00e9riaux de tr\u00e8s haute qualit\u00e9 choisis nous permettent de produire des v<strong>\u00eatements uniques.<\/strong><\/p><p>Nous mettons \u00e0 votre disposition notre exp\u00e9rience et <strong>notre savoir-faire<\/strong> pour obtenir un produit d\u2019excellence, en mesure de r\u00e9pondre aux exigences du client.<br \/>La gamme des r\u00e9alisations va du v\u00eatement enti\u00e8rement entoil\u00e9 avec des finitions r\u00e9alis\u00e9es \u00e0 la main, jusqu\u2019au v\u00eatement d\u00e9construit sans doublure, en passant par les v\u00eatements semi-entoil\u00e9s, avec l\u2019association de <strong>la m\u00e9thode industrielle et de la m\u00e9thode traditionnelle du style sartorial.<\/strong><\/p><p>Notre d\u00e9fi est l\u2019association de la modernit\u00e9 de la gestion industrielle avec la m\u00e9thode de travail traditionnel du style sartorial qui repr\u00e9sente <strong>l\u2019excellence de la manufacture italienne.<\/strong><\/p>\t\t\t\t\t<\/div>\n\t\t\t\t\t\t<\/div>\n\t\t\t\t<\/div>\n\t\t\t\t<div class=\"elementor-element elementor-element-7e17b53 elementor-hidden-tablet elementor-hidden-phone elementor-widget elementor-widget-spacer\" data-id=\"7e17b53\" data-element_type=\"widget\" data-widget_type=\"spacer.default\">\n\t\t\t\t<div class=\"elementor-widget-container\">\n\t\t\t\t\t<div class=\"elementor-spacer\">\n\t\t\t<div class=\"elementor-spacer-inner\"><\/div>\n\t\t<\/div>\n\t\t\t\t<\/div>\n\t\t\t\t<\/div>\n\t\t\t\t\t\t<\/div>\n\t\t\t\t\t<\/div>\n\t\t<\/div>\n\t\t\t\t\t\t\t\t<\/div>\n\t\t\t\t\t<\/div>\n\t\t<\/section>\n\t\t\t\t\t\t<\/div>\n\t\t\t\t\t<\/div>\n\t\t<\/div>\n\t\t\t\t<div class=\"elementor-column elementor-col-50 elementor-top-column elementor-element elementor-element-0f12d32\" data-id=\"0f12d32\" data-element_type=\"column\" data-settings=\"{&quot;background_background&quot;:&quot;slideshow&quot;,&quot;background_slideshow_gallery&quot;:[{&quot;id&quot;:2625,&quot;url&quot;:&quot;https:\\\/\\\/www.dc69.it\\\/wp-content\\\/uploads\\\/2024\\\/05\\\/r5.jpg&quot;},{&quot;id&quot;:2622,&quot;url&quot;:&quot;https:\\\/\\\/www.dc69.it\\\/wp-content\\\/uploads\\\/2024\\\/05\\\/6.jpg&quot;}],&quot;background_slideshow_loop&quot;:&quot;yes&quot;,&quot;background_slideshow_slide_duration&quot;:5000,&quot;background_slideshow_slide_transition&quot;:&quot;fade&quot;,&quot;background_slideshow_transition_duration&quot;:500}\">\n\t\t\t<div class=\"elementor-column-wrap elementor-element-populated\">\n\t\t\t\t\t\t\t<div class=\"elementor-widget-wrap\">\n\t\t\t\t\t\t<div class=\"elementor-element elementor-element-69f50ce elementor-widget elementor-widget-spacer\" data-id=\"69f50ce\" data-element_type=\"widget\" data-widget_type=\"spacer.default\">\n\t\t\t\t<div class=\"elementor-widget-container\">\n\t\t\t\t\t<div class=\"elementor-spacer\">\n\t\t\t<div class=\"elementor-spacer-inner\"><\/div>\n\t\t<\/div>\n\t\t\t\t<\/div>\n\t\t\t\t<\/div>\n\t\t\t\t\t\t<\/div>\n\t\t\t\t\t<\/div>\n\t\t<\/div>\n\t\t\t\t\t\t\t\t<\/div>\n\t\t\t\t\t<\/div>\n\t\t<\/section>\n\t\t\t\t<section class=\"elementor-section elementor-top-section elementor-element elementor-element-1969738 elementor-section-full_width elementor-reverse-mobile elementor-section-height-default elementor-section-height-default\" data-id=\"1969738\" data-element_type=\"section\">\n\t\t\t\t\t\t<div class=\"elementor-container elementor-column-gap-default\">\n\t\t\t\t\t\t\t<div class=\"elementor-row\">\n\t\t\t\t\t<div class=\"elementor-column elementor-col-50 elementor-top-column elementor-element elementor-element-b377b6a\" data-id=\"b377b6a\" data-element_type=\"column\" data-settings=\"{&quot;background_background&quot;:&quot;slideshow&quot;,&quot;background_slideshow_gallery&quot;:[{&quot;id&quot;:556,&quot;url&quot;:&quot;http:\\\/\\\/www.dc69.it\\\/wp-content\\\/uploads\\\/2021\\\/01\\\/DSF2572_1200x800.jpg&quot;},{&quot;id&quot;:1231,&quot;url&quot;:&quot;http:\\\/\\\/www.dc69.it\\\/wp-content\\\/uploads\\\/2021\\\/04\\\/ccc2.jpg&quot;}],&quot;background_slideshow_loop&quot;:&quot;yes&quot;,&quot;background_slideshow_slide_duration&quot;:5000,&quot;background_slideshow_slide_transition&quot;:&quot;fade&quot;,&quot;background_slideshow_transition_duration&quot;:500}\">\n\t\t\t<div class=\"elementor-column-wrap elementor-element-populated\">\n\t\t\t\t\t\t\t<div class=\"elementor-widget-wrap\">\n\t\t\t\t\t\t<div class=\"elementor-element elementor-element-e9c3a92 elementor-widget elementor-widget-spacer\" data-id=\"e9c3a92\" data-element_type=\"widget\" data-widget_type=\"spacer.default\">\n\t\t\t\t<div class=\"elementor-widget-container\">\n\t\t\t\t\t<div class=\"elementor-spacer\">\n\t\t\t<div class=\"elementor-spacer-inner\"><\/div>\n\t\t<\/div>\n\t\t\t\t<\/div>\n\t\t\t\t<\/div>\n\t\t\t\t\t\t<\/div>\n\t\t\t\t\t<\/div>\n\t\t<\/div>\n\t\t\t\t<div class=\"elementor-column elementor-col-50 elementor-top-column elementor-element elementor-element-b7537ac\" data-id=\"b7537ac\" data-element_type=\"column\">\n\t\t\t<div class=\"elementor-column-wrap elementor-element-populated\">\n\t\t\t\t\t\t\t<div class=\"elementor-widget-wrap\">\n\t\t\t\t\t\t<section class=\"elementor-section elementor-inner-section elementor-element elementor-element-dc3a5ce elementor-section-height-min-height elementor-section-content-middle elementor-section-boxed elementor-section-height-default\" data-id=\"dc3a5ce\" data-element_type=\"section\">\n\t\t\t\t\t\t<div class=\"elementor-container elementor-column-gap-default\">\n\t\t\t\t\t\t\t<div class=\"elementor-row\">\n\t\t\t\t\t<div class=\"elementor-column elementor-col-100 elementor-inner-column elementor-element elementor-element-1b9484e\" data-id=\"1b9484e\" data-element_type=\"column\">\n\t\t\t<div class=\"elementor-column-wrap elementor-element-populated\">\n\t\t\t\t\t\t\t<div class=\"elementor-widget-wrap\">\n\t\t\t\t\t\t<div class=\"elementor-element elementor-element-339f8ba elementor-widget elementor-widget-heading\" data-id=\"339f8ba\" data-element_type=\"widget\" data-widget_type=\"heading.default\">\n\t\t\t\t<div class=\"elementor-widget-container\">\n\t\t\t<h4 class=\"elementor-heading-title elementor-size-default\">LE PROCESSUS DE PRODUCTION<\/h4>\t\t<\/div>\n\t\t\t\t<\/div>\n\t\t\t\t<div class=\"elementor-element elementor-element-48ef1aa elementor-widget elementor-widget-image\" data-id=\"48ef1aa\" data-element_type=\"widget\" data-widget_type=\"image.default\">\n\t\t\t\t<div class=\"elementor-widget-container\">\n\t\t\t\t\t\t\t\t<div class=\"elementor-image\">\n\t\t\t\t\t\t\t\t\t\t\t\t<img width=\"266\" height=\"5\" src=\"https:\/\/www.dc69.it\/wp-content\/uploads\/2021\/01\/cucitura-1.png\" class=\"attachment-full size-full\" alt=\"\" loading=\"lazy\" \/>\t\t\t\t\t\t\t\t\t\t\t\t\t\t<\/div>\n\t\t\t\t\t\t<\/div>\n\t\t\t\t<\/div>\n\t\t\t\t<div class=\"elementor-element elementor-element-d8cc02b elementor-widget elementor-widget-heading\" data-id=\"d8cc02b\" data-element_type=\"widget\" data-widget_type=\"heading.default\">\n\t\t\t\t<div class=\"elementor-widget-container\">\n\t\t\t<h2 class=\"elementor-heading-title elementor-size-default\">La cha\u00eene : <i>notre fleuron<\/i><\/h2>\t\t<\/div>\n\t\t\t\t<\/div>\n\t\t\t\t<div class=\"elementor-element elementor-element-a6b2b99 elementor-widget elementor-widget-text-editor\" data-id=\"a6b2b99\" data-element_type=\"widget\" data-widget_type=\"text-editor.default\">\n\t\t\t\t<div class=\"elementor-widget-container\">\n\t\t\t\t\t\t\t\t<div class=\"elementor-text-editor elementor-clearfix\">\n\t\t\t\t<p>Nous r\u00e9pondons tr\u00e8s rapidement et de mani\u00e8re dynamique aux propositions et nous accompagnons le client dans la r\u00e9solution des probl\u00e8mes techniques. <strong>La cha\u00eene de production interne permet d\u2019offrir un service conseils complet, tout en garantissant un maximum de confidentialit\u00e9<\/strong>.<\/p><p>In detail:<\/p><ol><li><strong>Cr\u00e9ation de patrons \u00e0 partir du premier dessin de mode<\/strong><\/li><li><strong>R\u00e9alisation de prototypes et de s\u00e9ries d\u2019\u00e9chantillons<\/strong><\/li><li><strong>Industrialisation compl\u00e8te du produit post-\u00e9chantillons<\/strong><\/li><li><strong>Production de v\u00eatements sp\u00e9ciaux: VIPS, presse, Trunk show, sur mesure, r\u00e9assortiments<\/strong><\/li><li><strong>Production compl\u00e8te des commandes: coupe, confection, repassage et essayage final<\/strong><\/li><li><strong>Entrep\u00f4t et logistique.<\/strong><\/li><\/ol>\t\t\t\t\t<\/div>\n\t\t\t\t\t\t<\/div>\n\t\t\t\t<\/div>\n\t\t\t\t<div class=\"elementor-element elementor-element-10ef6ee elementor-hidden-tablet elementor-hidden-phone elementor-widget elementor-widget-spacer\" data-id=\"10ef6ee\" data-element_type=\"widget\" data-widget_type=\"spacer.default\">\n\t\t\t\t<div class=\"elementor-widget-container\">\n\t\t\t\t\t<div class=\"elementor-spacer\">\n\t\t\t<div class=\"elementor-spacer-inner\"><\/div>\n\t\t<\/div>\n\t\t\t\t<\/div>\n\t\t\t\t<\/div>\n\t\t\t\t\t\t<\/div>\n\t\t\t\t\t<\/div>\n\t\t<\/div>\n\t\t\t\t\t\t\t\t<\/div>\n\t\t\t\t\t<\/div>\n\t\t<\/section>\n\t\t\t\t\t\t<\/div>\n\t\t\t\t\t<\/div>\n\t\t<\/div>\n\t\t\t\t\t\t\t\t<\/div>\n\t\t\t\t\t<\/div>\n\t\t<\/section>\n\t\t\t\t\t\t<\/div>\n\t\t\t\t\t\t<\/div>\n\t\t\t\t\t<\/div>\n\t\t","protected":false},"excerpt":{"rendered":"<p>SYNONYME DE STYLE SARTORIAL Notre d\u00e9fi quotidien est l\u2019association de la qualit\u00e9 du style sartorial et la gestion industrielle L\u2019attention et le contr\u00f4le m\u00e9ticuleux dans toutes les phases de production, l\u2019exp\u00e9rience acquise au fil du temps, l\u2019\u00e9tude des tendances et les mat\u00e9riaux de tr\u00e8s haute qualit\u00e9 choisis nous permettent de produire des v\u00eatements uniques. Nous [&hellip;]<\/p>\n","protected":false},"author":1,"featured_media":0,"parent":0,"menu_order":0,"comment_status":"closed","ping_status":"closed","template":"elementor_header_footer","meta":[],"yoast_head":"<!-- This site is optimized with the Yoast SEO plugin v16.6 - https:\/\/yoast.com\/wordpress\/plugins\/seo\/ -->\n<title>Services | DC69<\/title>\n<meta name=\"robots\" content=\"index, follow, max-snippet:-1, max-image-preview:large, max-video-preview:-1\" \/>\n<link rel=\"canonical\" href=\"https:\/\/www.dc69.it\/fr\/services\/\" \/>\n<meta property=\"og:locale\" content=\"fr_FR\" \/>\n<meta property=\"og:type\" content=\"article\" \/>\n<meta property=\"og:title\" content=\"Services | DC69\" \/>\n<meta property=\"og:description\" content=\"SYNONYME DE STYLE SARTORIAL Notre d\u00e9fi quotidien est l\u2019association de la qualit\u00e9 du style sartorial et la gestion industrielle L\u2019attention et le contr\u00f4le m\u00e9ticuleux dans toutes les phases de production, l\u2019exp\u00e9rience acquise au fil du temps, l\u2019\u00e9tude des tendances et les mat\u00e9riaux de tr\u00e8s haute qualit\u00e9 choisis nous permettent de produire des v\u00eatements uniques. Nous [&hellip;]\" \/>\n<meta property=\"og:url\" content=\"https:\/\/www.dc69.it\/fr\/services\/\" \/>\n<meta property=\"og:site_name\" content=\"DC69\" \/>\n<meta property=\"article:modified_time\" content=\"2025-01-10T10:44:20+00:00\" \/>\n<meta property=\"og:image\" content=\"https:\/\/www.dc69.it\/wp-content\/uploads\/2021\/01\/cucitura-1.png\" \/>\n<meta name=\"twitter:card\" content=\"summary_large_image\" \/>\n<meta name=\"twitter:label1\" content=\"Dur\u00e9e de lecture est.\" \/>\n\t<meta name=\"twitter:data1\" content=\"2 minutes\" \/>\n<script type=\"application\/ld+json\" class=\"yoast-schema-graph\">{\"@context\":\"https:\/\/schema.org\",\"@graph\":[{\"@type\":\"Organization\",\"@id\":\"https:\/\/www.dc69.it\/#organization\",\"name\":\"DC 69 Srl\",\"url\":\"https:\/\/www.dc69.it\/\",\"sameAs\":[],\"logo\":{\"@type\":\"ImageObject\",\"@id\":\"https:\/\/www.dc69.it\/#logo\",\"inLanguage\":\"fr-FR\",\"url\":\"http:\/\/www.dc69.it\/wp-content\/uploads\/2020\/12\/DC69_logo_OK.jpg\",\"contentUrl\":\"http:\/\/www.dc69.it\/wp-content\/uploads\/2020\/12\/DC69_logo_OK.jpg\",\"width\":1445,\"height\":228,\"caption\":\"DC 69 Srl\"},\"image\":{\"@id\":\"https:\/\/www.dc69.it\/#logo\"}},{\"@type\":\"WebSite\",\"@id\":\"https:\/\/www.dc69.it\/#website\",\"url\":\"https:\/\/www.dc69.it\/\",\"name\":\"DC69\",\"description\":\"\",\"publisher\":{\"@id\":\"https:\/\/www.dc69.it\/#organization\"},\"potentialAction\":[{\"@type\":\"SearchAction\",\"target\":{\"@type\":\"EntryPoint\",\"urlTemplate\":\"https:\/\/www.dc69.it\/?s={search_term_string}\"},\"query-input\":\"required name=search_term_string\"}],\"inLanguage\":\"fr-FR\"},{\"@type\":\"ImageObject\",\"@id\":\"https:\/\/www.dc69.it\/fr\/services\/#primaryimage\",\"inLanguage\":\"fr-FR\",\"url\":\"https:\/\/www.dc69.it\/wp-content\/uploads\/2021\/01\/cucitura-1.png\",\"contentUrl\":\"https:\/\/www.dc69.it\/wp-content\/uploads\/2021\/01\/cucitura-1.png\",\"width\":266,\"height\":5},{\"@type\":\"WebPage\",\"@id\":\"https:\/\/www.dc69.it\/fr\/services\/#webpage\",\"url\":\"https:\/\/www.dc69.it\/fr\/services\/\",\"name\":\"Services | DC69\",\"isPartOf\":{\"@id\":\"https:\/\/www.dc69.it\/#website\"},\"primaryImageOfPage\":{\"@id\":\"https:\/\/www.dc69.it\/fr\/services\/#primaryimage\"},\"datePublished\":\"2021-07-07T07:26:26+00:00\",\"dateModified\":\"2025-01-10T10:44:20+00:00\",\"breadcrumb\":{\"@id\":\"https:\/\/www.dc69.it\/fr\/services\/#breadcrumb\"},\"inLanguage\":\"fr-FR\",\"potentialAction\":[{\"@type\":\"ReadAction\",\"target\":[\"https:\/\/www.dc69.it\/fr\/services\/\"]}]},{\"@type\":\"BreadcrumbList\",\"@id\":\"https:\/\/www.dc69.it\/fr\/services\/#breadcrumb\",\"itemListElement\":[{\"@type\":\"ListItem\",\"position\":1,\"name\":\"Home\",\"item\":\"https:\/\/www.dc69.it\/fr\/\"},{\"@type\":\"ListItem\",\"position\":2,\"name\":\"Services\"}]}]}<\/script>\n<!-- \/ Yoast SEO plugin. -->","_links":{"self":[{"href":"https:\/\/www.dc69.it\/fr\/wp-json\/wp\/v2\/pages\/2059"}],"collection":[{"href":"https:\/\/www.dc69.it\/fr\/wp-json\/wp\/v2\/pages"}],"about":[{"href":"https:\/\/www.dc69.it\/fr\/wp-json\/wp\/v2\/types\/page"}],"author":[{"embeddable":true,"href":"https:\/\/www.dc69.it\/fr\/wp-json\/wp\/v2\/users\/1"}],"replies":[{"embeddable":true,"href":"https:\/\/www.dc69.it\/fr\/wp-json\/wp\/v2\/comments?post=2059"}],"version-history":[{"count":14,"href":"https:\/\/www.dc69.it\/fr\/wp-json\/wp\/v2\/pages\/2059\/revisions"}],"predecessor-version":[{"id":2691,"href":"https:\/\/www.dc69.it\/fr\/wp-json\/wp\/v2\/pages\/2059\/revisions\/2691"}],"wp:attachment":[{"href":"https:\/\/www.dc69.it\/fr\/wp-json\/wp\/v2\/media?parent=2059"}],"curies":[{"name":"wp","href":"https:\/\/api.w.org\/{rel}","templated":true}]}}